{"id":1558,"date":"2014-11-21T10:57:26","date_gmt":"2014-11-21T10:57:26","guid":{"rendered":"http:\/\/gradosag.se\/?page_id=1558"},"modified":"2014-12-05T09:37:32","modified_gmt":"2014-12-05T09:37:32","slug":"yttertak","status":"publish","type":"page","link":"http:\/\/gradosag.se\/?page_id=1558","title":{"rendered":"Yttertak"},"content":{"rendered":"<h1><\/h1>\n<p>Vi har ett komplett yttertakslager s\u00e5 som <strong>takpl\u00e5t, betongpannor och lertegelpannor<\/strong>\u00a0med alla tillbeh\u00f6r, har \u00e4ven ett v\u00e4ldigt konkurrenskraftigt <strong>takavvattningssortiment<\/strong>.Vi kan \u00e4ven snabbt f\u00e5 fram specialdimensioner p\u00e5 pl\u00e5tbeslag f\u00f6r ett bra pris, vid eventuella fr\u00e5gor och hj\u00e4lp med ber\u00e4kning st\u00e5r vi \u00e4ven till hj\u00e4lp med v\u00e5r expertis.<\/p>\n<p><a href=\"http:\/\/media.gradosag.se\/2014\/11\/randerstegel.jpg\"><img loading=\"lazy\" class=\"alignright size-full wp-image-1573\" title=\"randerstegel\" src=\"http:\/\/media.gradosag.se\/2014\/11\/randerstegel.jpg\" alt=\"\" width=\"300\" height=\"332\" srcset=\"http:\/\/media.gradosag.se\/2014\/11\/randerstegel.jpg 300w, http:\/\/media.gradosag.se\/2014\/11\/randerstegel-135x150.jpg 135w\" sizes=\"(max-width: 300px) 100vw, 300px\" \/><\/a><\/p>\n","protected":false},"excerpt":{"rendered":"<p>Vi har ett komplett yttertakslager s\u00e5 som takpl\u00e5t, betongpannor och lertegelpannor\u00a0med alla tillbeh\u00f6r, har \u00e4ven ett v\u00e4ldigt konkurrenskraftigt takavvattningssortiment.Vi kan \u00e4ven snabbt f\u00e5 fram specialdimensioner p\u00e5 pl\u00e5tbeslag f\u00f6r ett bra pris, vid eventuella fr\u00e5gor och hj\u00e4lp med ber\u00e4kning st\u00e5r vi &hellip; <a href=\"http:\/\/gradosag.se\/?page_id=1558\">Forts\u00e4tt l\u00e4sa <span class=\"meta-nav\">&rarr;<\/span><\/a><\/p>\n","protected":false},"author":1,"featured_media":0,"parent":0,"menu_order":0,"comment_status":"closed","ping_status":"closed","template":"onecolumn-page.php","meta":[],"_links":{"self":[{"href":"http:\/\/gradosag.se\/index.php?rest_route=\/wp\/v2\/pages\/1558"}],"collection":[{"href":"http:\/\/gradosag.se\/index.php?rest_route=\/wp\/v2\/pages"}],"about":[{"href":"http:\/\/gradosag.se\/index.php?rest_route=\/wp\/v2\/types\/page"}],"author":[{"embeddable":true,"href":"http:\/\/gradosag.se\/index.php?rest_route=\/wp\/v2\/users\/1"}],"replies":[{"embeddable":true,"href":"http:\/\/gradosag.se\/index.php?rest_route=%2Fwp%2Fv2%2Fcomments&post=1558"}],"version-history":[{"count":7,"href":"http:\/\/gradosag.se\/index.php?rest_route=\/wp\/v2\/pages\/1558\/revisions"}],"predecessor-version":[{"id":1587,"href":"http:\/\/gradosag.se\/index.php?rest_route=\/wp\/v2\/pages\/1558\/revisions\/1587"}],"wp:attachment":[{"href":"http:\/\/gradosag.se\/index.php?rest_route=%2Fwp%2Fv2%2Fmedia&parent=1558"}],"curies":[{"name":"wp","href":"https:\/\/api.w.org\/{rel}","templated":true}]}}