{"id":696,"date":"2011-01-30T16:19:07","date_gmt":"2011-01-30T16:19:07","guid":{"rendered":"http:\/\/localhost\/wordpress\/?page_id=696"},"modified":"2011-01-30T16:19:07","modified_gmt":"2011-01-30T16:19:07","slug":"kontakt","status":"publish","type":"page","link":"http:\/\/gradosag.se\/?page_id=696","title":{"rendered":"Kontakt"},"content":{"rendered":"<p>Gr\u00e5d\u00f6 S\u00e5g<br \/>\nAdress: Gr\u00e5d\u00f6v\u00e4gen 84<br \/>\nPostadress: 776 92 Hedemora<br \/>\nTel: 0225-77 02 05<br \/>\nFax: 0225-77 02 04<\/p>\n","protected":false},"excerpt":{"rendered":"<p>Gr\u00e5d\u00f6 S\u00e5g Adress: Gr\u00e5d\u00f6v\u00e4gen 84 Postadress: 776 92 Hedemora Tel: 0225-77 02 05 Fax: 0225-77 02 04<\/p>\n","protected":false},"author":3,"featured_media":0,"parent":0,"menu_order":22,"comment_status":"closed","ping_status":"closed","template":"onecolumn-page.php","meta":[],"_links":{"self":[{"href":"http:\/\/gradosag.se\/index.php?rest_route=\/wp\/v2\/pages\/696"}],"collection":[{"href":"http:\/\/gradosag.se\/index.php?rest_route=\/wp\/v2\/pages"}],"about":[{"href":"http:\/\/gradosag.se\/index.php?rest_route=\/wp\/v2\/types\/page"}],"author":[{"embeddable":true,"href":"http:\/\/gradosag.se\/index.php?rest_route=\/wp\/v2\/users\/3"}],"replies":[{"embeddable":true,"href":"http:\/\/gradosag.se\/index.php?rest_route=%2Fwp%2Fv2%2Fcomments&post=696"}],"version-history":[{"count":0,"href":"http:\/\/gradosag.se\/index.php?rest_route=\/wp\/v2\/pages\/696\/revisions"}],"wp:attachment":[{"href":"http:\/\/gradosag.se\/index.php?rest_route=%2Fwp%2Fv2%2Fmedia&parent=696"}],"curies":[{"name":"wp","href":"https:\/\/api.w.org\/{rel}","templated":true}]}}